{"id":3134,"date":"2020-07-21T10:16:35","date_gmt":"2020-07-21T10:16:35","guid":{"rendered":"https:\/\/n2b-consulting.com\/privacy-policy"},"modified":"2021-04-26T16:44:24","modified_gmt":"2021-04-26T16:44:24","slug":"datenschutzbestimmungen","status":"publish","type":"page","link":"https:\/\/n2b-consulting.com\/de\/datenschutzbestimmungen","title":{"rendered":"Datenschutzbestimmungen"},"content":{"rendered":"\t\t<div data-elementor-type=\"wp-page\" data-elementor-id=\"3134\" class=\"elementor elementor-3134\">\n\t\t\t\t\t\t<section class=\"elementor-section elementor-top-section elementor-element elementor-element-e3caacf elementor-section-full_width elementor-section-height-default elementor-section-height-default parallax_section_no qode_elementor_container_no qode-content-aligment-left\" data-id=\"e3caacf\" data-element_type=\"section\" data-e-type=\"section\">\n\t\t\t\t\t\t<div class=\"elementor-container elementor-column-gap-default\">\n\t\t\t\t\t<div class=\"elementor-column elementor-col-100 elementor-top-column elementor-element elementor-element-01a9799\" data-id=\"01a9799\" data-element_type=\"column\" data-e-type=\"column\">\n\t\t\t<div class=\"elementor-widget-wrap elementor-element-populated\">\n\t\t\t\t\t\t<div class=\"elementor-element elementor-element-eecfe41 elementor-widget elementor-widget-text-editor\" data-id=\"eecfe41\" data-element_type=\"widget\" data-e-type=\"widget\" data-widget_type=\"text-editor.default\">\n\t\t\t\t<div class=\"elementor-widget-container\">\n\t\t\t\t\t\t\t\t\t<h1>Privacy Policy<\/h1>\t\t\t\t\t\t\t\t<\/div>\n\t\t\t\t<\/div>\n\t\t\t\t\t<\/div>\n\t\t<\/div>\n\t\t\t\t\t<\/div>\n\t\t<\/section>\n\t\t\t\t<section class=\"elementor-section elementor-top-section elementor-element elementor-element-60abf672 elementor-section-full_width elementor-section-height-default elementor-section-height-default parallax_section_no qode_elementor_container_no qode-content-aligment-left\" data-id=\"60abf672\" data-element_type=\"section\" data-e-type=\"section\">\n\t\t\t\t\t\t<div class=\"elementor-container elementor-column-gap-default\">\n\t\t\t\t\t<div class=\"elementor-column elementor-col-100 elementor-top-column elementor-element elementor-element-e712317\" data-id=\"e712317\" data-element_type=\"column\" data-e-type=\"column\">\n\t\t\t<div class=\"elementor-widget-wrap elementor-element-populated\">\n\t\t\t\t\t\t<div class=\"elementor-element elementor-element-5429980d elementor-widget elementor-widget-text-editor\" data-id=\"5429980d\" data-element_type=\"widget\" data-e-type=\"widget\" data-widget_type=\"text-editor.default\">\n\t\t\t\t<div class=\"elementor-widget-container\">\n\t\t\t\t\t\t\t\t\t<p><\/p>\n<p class=\"p1\">Die Webseiten-Domain lautet ausschlie\u00dflich <span style=\"text-decoration: underline;\"><a href=\"https:\/\/n2b-consulting.com\">https:\/\/n2b-consulting.com<\/a><\/span><\/p>\n<p class=\"p1\">Unsere Kontaktadresse ist ausschlie\u00dflich <span style=\"text-decoration: underline;\"><a href=\"mailto:info@n2b-consulting.com\">info@n2b-consulting.com<\/a><\/span><\/p>\n<p class=\"p1\">Unsere Webseiten-Adresse lautet: <span style=\"text-decoration: underline;\"><a href=\"https:\/\/n2b-consulting.com\">https:\/\/n2b-consulting.com<\/a><\/span> Es sind keine anderen Domains oder Adressen mit unserem Gesch\u00e4ft verkn\u00fcpft.<\/p>\n<p>\u00a0<\/p>\n<h2 class=\"p1 wp-block-heading\">Welche personenbezogenen Daten wir sammeln und warum wir sie sammeln:<\/h2>\n<p>\u00a0<\/p>\n<p class=\"p1\">Die Webseite basiert auf WordPress. Die pers\u00f6nlichen Daten, Cookies usw. existieren auf allen Webseiten welche diese Plattform benutzen. Diese Webseiten sind entweder kostenlos oder geb\u00fchrenpflichtig.<\/p>\n<p>\u00a0<\/p>\n<p class=\"p1\"><b>Kommentare<\/b><\/p>\n<p class=\"p1\">Unsere Webseite verwendet keine Kommentare. Wir behalten oder verwalten daher keine Informationen die aus Kommentaren stammen k\u00f6nnten.<\/p>\n<p>\u00a0<\/p>\n<p class=\"p1\"><b>Kontaktformulare<span class=\"Apple-converted-space\">\u00a0<\/span><\/b><\/p>\n<p class=\"p1\">Vom Kontaktformular gesendete E-Mails enthalten nur Ihren Vor- und Nachnamen sowie Ihre E-Mail-Adresse. Die von Ihnen angegebenen Informationen werden nur zur Beantwortung Ihrer Anfragen oder anderer damit zusammenh\u00e4ngenden Aktivit\u00e4ten verwendet. Sie werden nicht gesammelt, nicht an Dritte weitergegeben oder verkauft.<\/p>\n<p>\u00a0<\/p>\n<p class=\"p1\"><b>Cookies<\/b><\/p>\n<p class=\"p1\">Durch den Besuch unserer Webseite akzeptieren Sie die M\u00f6glichkeit das diese Webseite Cookies auf Ihren Computer herunterl\u00e4dt. Wenn Sie zum ersten Mal auf unsere Website zugreifen, m\u00fcssen Sie auf dem Cookie-Banner auf &#8222;Akzeptieren&#8220; klicken. Wenn Sie die Website besuchen aktiviert sich ein tempor\u00e4res Cookie um festzustellen, ob Ihr Browser Cookies akzeptiert. Dieser Cookie enth\u00e4lt keine pers\u00f6nlichen Daten und wird beim Schlie\u00dfen Ihres Browsers verworfen. Wenn Sie navigieren richten wir mehrere Cookies ein um Ihre Auswahl der Bildschirmanzeige zu speichern. Cookies f\u00fcr Bildschirmoptionen haben eine Wirkungsdauer bis zu einen Jahr .<span class=\"Apple-converted-space\">\u00a0<\/span><\/p>\n<p class=\"p1\">Wir verwenden Cookies von Drittanbietern wie Google Analytics. Wir entscheiden uns f\u00fcr eine IP-Anonymisierung und verwenden Google Analytics-Cookies um<span class=\"Apple-converted-space\">\u00a0 <\/span>eine anonyme Statistiken \u00fcber das Benutzerverhalten unserer Besucher auf unserer Website zu erstellen.<\/p>\n<p>\u00a0<\/p>\n<p class=\"p1\"><b>Eingebettete Inhalte von anderen Websites<\/b><span class=\"Apple-converted-space\">\u00a0<\/span><\/p>\n<p class=\"p1\">Die Website enth\u00e4lt keine Inhalte von anderen Plattformen oder anderen eingebetteten Inhalten.<\/p>\n<p class=\"p1\">Eingebettete Inhalte von anderen Webseiten verhalten sich genauso als h\u00e4tte der Besucher diese Webseiten besucht. Diese sammeln m\u00f6glicherweise Daten \u00fcber Sie, verwenden Cookies, verfolgen Ihr Verhalten auf den Webseiten von Drittanbietern und \u00fcberwachen Ihre Interaktion mit diesen eingebetteten Inhalten. Diese Cookies verfolgen Ihre Interaktion wenn Sie \u00fcber ein Konto verf\u00fcgen und auf dieser Website angemeldet sind.<\/p>\n<p>\u00a0<\/p>\n<p class=\"p1\"><b>Analytics<\/b><\/p>\n<p class=\"p1\">Die in diesem Abschnitt enthaltenen Dienste erm\u00f6glichen es dem Eigent\u00fcmer, den Webverkehr zu \u00fcberwachen und zu analysieren und k\u00f6nnen diese Daten verwenden um das Benutzerverhalten zu verfolgen.<\/p>\n<p>\u00a0<\/p>\n<p class=\"p1\"><b>Conversion-Tracking f\u00fcr Facebook-Anzeigen<\/b> (Facebook, Inc.)<span class=\"Apple-converted-space\">\u00a0<\/span><\/p>\n<p class=\"p1\">Das Conversion-Tracking f\u00fcr Facebook-Anzeigen ist ein Analysedienst von Facebook, Inc., der Daten aus dem Facebook-Werbenetzwerk mit Aktionen verbindet, die f\u00fcr diese Anwendung ausgef\u00fchrt werden.<span class=\"Apple-converted-space\">\u00a0<\/span><\/p>\n<p class=\"p1\">Erhobene personenbezogene Daten: Cookies und Nutzungsdaten. Verarbeitungsort: USA.<\/p>\n<p>\u00a0<\/p>\n<p class=\"p1\"><b>Google Analytics<\/b> (Google Inc.)<span class=\"Apple-converted-space\">\u00a0<\/span><\/p>\n<p class=\"p1\">Google Analytics ist ein Webanalysedienst der Google Inc. (\u201eGoogle<span class=\"s2\">\u201c<\/span>). Google verwendet die gesammelten Daten, um die Verwendung dieser Anwendung zu verfolgen und zu untersuchen, um Berichte \u00fcber seine Aktivit\u00e4ten zu erstellen und diese mit anderen Google-Diensten zu teilen. Google kann die gesammelten Daten verwenden um die Anzeigen seines eigenen Werbenetzwerks zu kontextualisieren und zu personalisieren. Diese Integration von Google Analytics anonymisiert Ihre IP-Adresse. Dabei werden die IP-Adressen der Nutzer in den Mitgliedstaaten der Europ\u00e4ischen Union oder in anderen Vertragsstaaten des Abkommens \u00fcber den Europ\u00e4ischen Wirtschaftsraum gek\u00fcrzt. Nur in Ausnahmef\u00e4llen wird die vollst\u00e4ndige IP-Adresse an einen Google-Server gesendet und innerhalb der USA gek\u00fcrzt.<\/p>\n<p class=\"p1\">Erhobene personenbezogene Daten: Cookies und Nutzungsdaten. Verarbeitungsort: USA<span class=\"Apple-converted-space\">\u00a0<\/span><\/p>\n<p>\u00a0<\/p>\n<p class=\"p1\"><b>Wie lange bewahren wir Ihre Daten und Benutzerechte auf:<\/b><\/p>\n<p class=\"p1\">Diese Website verwendet keine Benutzerkonten oder Kommentare.<\/p>\n<p class=\"p1\">Im Falle des Austausches von E-Mails, dem einzigen Fall, in dem wir Benutzerdaten verarbeiten, k\u00f6nnen Sie eine exportierte Datei der von uns, \u00fcber Sie gespeicherten personenbezogenen Daten anfordern. Diese enthalten alle Daten die Sie uns zur Verf\u00fcgung gestellt haben. Sie k\u00f6nnen auch verlangen, dass wir alle personenbezogenen Daten, welche wir gespeichert haben l\u00f6schen. Dies schlie\u00dft keine Daten ein die wir zu administrativen, rechtlichen oder Sicherheitszwecken aufbewahren m\u00fcssen.<\/p>\n<p>\u00a0<\/p>\n<p class=\"p1\"><b>Ihre Kontaktinformationen<\/b><span class=\"Apple-converted-space\">\u00a0<\/span><\/p>\n<p class=\"p1\">Benutzer-Kontaktinformationen werden ausschlie\u00dflich verwendet, um:<\/p>\n<p class=\"p1\">E-Mail-Anfragen zu antworten.<span class=\"Apple-converted-space\">\u00a0<\/span><\/p>\n<p class=\"p1\">Diese werden nicht weitergeleitet, verkauft oder sonstiges.<\/p>\n<p>\u00a0<\/p>\n<p class=\"p1\">Letzte \u00dcberarbeitung: 07\/04\/2021<\/p>\n<p><\/p>\t\t\t\t\t\t\t\t<\/div>\n\t\t\t\t<\/div>\n\t\t\t\t\t<\/div>\n\t\t<\/div>\n\t\t\t\t\t<\/div>\n\t\t<\/section>\n\t\t\t\t<section class=\"elementor-section elementor-top-section elementor-element elementor-element-b038ab8 elementor-section-full_width elementor-section-height-default elementor-section-height-default parallax_section_no qode_elementor_container_no qode-content-aligment-left\" data-id=\"b038ab8\" data-element_type=\"section\" data-e-type=\"section\">\n\t\t\t\t\t\t<div class=\"elementor-container elementor-column-gap-default\">\n\t\t\t\t\t<div class=\"elementor-column elementor-col-100 elementor-top-column elementor-element elementor-element-2dcfd49\" data-id=\"2dcfd49\" data-element_type=\"column\" data-e-type=\"column\">\n\t\t\t<div class=\"elementor-widget-wrap elementor-element-populated\">\n\t\t\t\t\t\t<div class=\"elementor-element elementor-element-be39ebc elementor-widget elementor-widget-spacer\" data-id=\"be39ebc\" data-element_type=\"widget\" data-e-type=\"widget\" data-widget_type=\"spacer.default\">\n\t\t\t\t<div class=\"elementor-widget-container\">\n\t\t\t\t\t\t\t<div class=\"elementor-spacer\">\n\t\t\t<div class=\"elementor-spacer-inner\"><\/div>\n\t\t<\/div>\n\t\t\t\t\t\t<\/div>\n\t\t\t\t<\/div>\n\t\t\t\t\t<\/div>\n\t\t<\/div>\n\t\t\t\t\t<\/div>\n\t\t<\/section>\n\t\t\t\t<\/div>\n\t\t","protected":false},"excerpt":{"rendered":"<p>Privacy Policy Die Webseiten-Domain lautet ausschlie\u00dflich https:\/\/n2b-consulting.com Unsere Kontaktadresse ist ausschlie\u00dflich info@n2b-consulting.com Unsere Webseiten-Adresse lautet: https:\/\/n2b-consulting.com Es sind keine anderen Domains oder Adressen mit unserem Gesch\u00e4ft verkn\u00fcpft. \u00a0 Welche personenbezogenen Daten wir sammeln und warum wir sie sammeln: \u00a0 Die Webseite basiert auf WordPress. Die&#8230;<\/p>\n","protected":false},"author":1,"featured_media":0,"parent":0,"menu_order":0,"comment_status":"closed","ping_status":"closed","template":"elementor_header_footer","meta":{"footnotes":""},"class_list":["post-3134","page","type-page","status-publish","hentry"],"yoast_head":"<!-- This site is optimized with the Yoast SEO plugin v27.5 - https:\/\/yoast.com\/product\/yoast-seo-wordpress\/ -->\n<title>Datenschutzbestimmungen - n2b=consulting - Luxury Leather Goods and Accessories Consulting<\/title>\n<meta name=\"robots\" content=\"index, follow, max-snippet:-1, max-image-preview:large, max-video-preview:-1\" \/>\n<link rel=\"canonical\" href=\"https:\/\/n2b-consulting.com\/de\/datenschutzbestimmungen\" \/>\n<meta property=\"og:locale\" content=\"de_DE\" \/>\n<meta property=\"og:type\" content=\"article\" \/>\n<meta property=\"og:title\" content=\"Datenschutzbestimmungen - n2b=consulting - Luxury Leather Goods and Accessories Consulting\" \/>\n<meta property=\"og:description\" content=\"Privacy Policy Die Webseiten-Domain lautet ausschlie\u00dflich https:\/\/n2b-consulting.com Unsere Kontaktadresse ist ausschlie\u00dflich info@n2b-consulting.com Unsere Webseiten-Adresse lautet: https:\/\/n2b-consulting.com Es sind keine anderen Domains oder Adressen mit unserem Gesch\u00e4ft verkn\u00fcpft. \u00a0 Welche personenbezogenen Daten wir sammeln und warum wir sie sammeln: \u00a0 Die Webseite basiert auf WordPress. Die...\" \/>\n<meta property=\"og:url\" content=\"https:\/\/n2b-consulting.com\/de\/datenschutzbestimmungen\" \/>\n<meta property=\"og:site_name\" content=\"n2b=consulting - Luxury Leather Goods and Accessories Consulting\" \/>\n<meta property=\"article:modified_time\" content=\"2021-04-26T16:44:24+00:00\" \/>\n<meta name=\"twitter:card\" content=\"summary_large_image\" \/>\n<meta name=\"twitter:label1\" content=\"Gesch\u00e4tzte Lesezeit\" \/>\n\t<meta name=\"twitter:data1\" content=\"3\u00a0Minuten\" \/>\n<script type=\"application\/ld+json\" class=\"yoast-schema-graph\">{\"@context\":\"https:\\\/\\\/schema.org\",\"@graph\":[{\"@type\":\"WebPage\",\"@id\":\"https:\\\/\\\/n2b-consulting.com\\\/de\\\/datenschutzbestimmungen\",\"url\":\"https:\\\/\\\/n2b-consulting.com\\\/de\\\/datenschutzbestimmungen\",\"name\":\"Datenschutzbestimmungen - n2b=consulting - Luxury Leather Goods and Accessories Consulting\",\"isPartOf\":{\"@id\":\"https:\\\/\\\/n2b-consulting.com\\\/de\\\/#website\"},\"datePublished\":\"2020-07-21T10:16:35+00:00\",\"dateModified\":\"2021-04-26T16:44:24+00:00\",\"breadcrumb\":{\"@id\":\"https:\\\/\\\/n2b-consulting.com\\\/de\\\/datenschutzbestimmungen#breadcrumb\"},\"inLanguage\":\"de\",\"potentialAction\":[{\"@type\":\"ReadAction\",\"target\":[\"https:\\\/\\\/n2b-consulting.com\\\/de\\\/datenschutzbestimmungen\"]}]},{\"@type\":\"BreadcrumbList\",\"@id\":\"https:\\\/\\\/n2b-consulting.com\\\/de\\\/datenschutzbestimmungen#breadcrumb\",\"itemListElement\":[{\"@type\":\"ListItem\",\"position\":1,\"name\":\"Home\",\"item\":\"https:\\\/\\\/n2b-consulting.com\\\/de\"},{\"@type\":\"ListItem\",\"position\":2,\"name\":\"Datenschutzbestimmungen\"}]},{\"@type\":\"WebSite\",\"@id\":\"https:\\\/\\\/n2b-consulting.com\\\/de\\\/#website\",\"url\":\"https:\\\/\\\/n2b-consulting.com\\\/de\\\/\",\"name\":\"n2b=consulting - Luxury Leather Goods and Accessories Consulting\",\"description\":\"Luxury Leather Goods and Accessories Consulting\",\"publisher\":{\"@id\":\"https:\\\/\\\/n2b-consulting.com\\\/de\\\/#organization\"},\"potentialAction\":[{\"@type\":\"SearchAction\",\"target\":{\"@type\":\"EntryPoint\",\"urlTemplate\":\"https:\\\/\\\/n2b-consulting.com\\\/de\\\/?s={search_term_string}\"},\"query-input\":{\"@type\":\"PropertyValueSpecification\",\"valueRequired\":true,\"valueName\":\"search_term_string\"}}],\"inLanguage\":\"de\"},{\"@type\":\"Organization\",\"@id\":\"https:\\\/\\\/n2b-consulting.com\\\/de\\\/#organization\",\"name\":\"n2b consulting\",\"url\":\"https:\\\/\\\/n2b-consulting.com\\\/de\\\/\",\"logo\":{\"@type\":\"ImageObject\",\"inLanguage\":\"de\",\"@id\":\"https:\\\/\\\/n2b-consulting.com\\\/de\\\/#\\\/schema\\\/logo\\\/image\\\/\",\"url\":\"https:\\\/\\\/n2b-consulting.com\\\/wp-content\\\/uploads\\\/2021\\\/04\\\/N2b-consulting_com_logo.jpg\",\"contentUrl\":\"https:\\\/\\\/n2b-consulting.com\\\/wp-content\\\/uploads\\\/2021\\\/04\\\/N2b-consulting_com_logo.jpg\",\"width\":487,\"height\":435,\"caption\":\"n2b consulting\"},\"image\":{\"@id\":\"https:\\\/\\\/n2b-consulting.com\\\/de\\\/#\\\/schema\\\/logo\\\/image\\\/\"}}]}<\/script>\n<!-- \/ Yoast SEO plugin. -->","yoast_head_json":{"title":"Datenschutzbestimmungen - n2b=consulting - Luxury Leather Goods and Accessories Consulting","robots":{"index":"index","follow":"follow","max-snippet":"max-snippet:-1","max-image-preview":"max-image-preview:large","max-video-preview":"max-video-preview:-1"},"canonical":"https:\/\/n2b-consulting.com\/de\/datenschutzbestimmungen","og_locale":"de_DE","og_type":"article","og_title":"Datenschutzbestimmungen - n2b=consulting - Luxury Leather Goods and Accessories Consulting","og_description":"Privacy Policy Die Webseiten-Domain lautet ausschlie\u00dflich https:\/\/n2b-consulting.com Unsere Kontaktadresse ist ausschlie\u00dflich info@n2b-consulting.com Unsere Webseiten-Adresse lautet: https:\/\/n2b-consulting.com Es sind keine anderen Domains oder Adressen mit unserem Gesch\u00e4ft verkn\u00fcpft. \u00a0 Welche personenbezogenen Daten wir sammeln und warum wir sie sammeln: \u00a0 Die Webseite basiert auf WordPress. Die...","og_url":"https:\/\/n2b-consulting.com\/de\/datenschutzbestimmungen","og_site_name":"n2b=consulting - Luxury Leather Goods and Accessories Consulting","article_modified_time":"2021-04-26T16:44:24+00:00","twitter_card":"summary_large_image","twitter_misc":{"Gesch\u00e4tzte Lesezeit":"3\u00a0Minuten"},"schema":{"@context":"https:\/\/schema.org","@graph":[{"@type":"WebPage","@id":"https:\/\/n2b-consulting.com\/de\/datenschutzbestimmungen","url":"https:\/\/n2b-consulting.com\/de\/datenschutzbestimmungen","name":"Datenschutzbestimmungen - n2b=consulting - Luxury Leather Goods and Accessories Consulting","isPartOf":{"@id":"https:\/\/n2b-consulting.com\/de\/#website"},"datePublished":"2020-07-21T10:16:35+00:00","dateModified":"2021-04-26T16:44:24+00:00","breadcrumb":{"@id":"https:\/\/n2b-consulting.com\/de\/datenschutzbestimmungen#breadcrumb"},"inLanguage":"de","potentialAction":[{"@type":"ReadAction","target":["https:\/\/n2b-consulting.com\/de\/datenschutzbestimmungen"]}]},{"@type":"BreadcrumbList","@id":"https:\/\/n2b-consulting.com\/de\/datenschutzbestimmungen#breadcrumb","itemListElement":[{"@type":"ListItem","position":1,"name":"Home","item":"https:\/\/n2b-consulting.com\/de"},{"@type":"ListItem","position":2,"name":"Datenschutzbestimmungen"}]},{"@type":"WebSite","@id":"https:\/\/n2b-consulting.com\/de\/#website","url":"https:\/\/n2b-consulting.com\/de\/","name":"n2b=consulting - Luxury Leather Goods and Accessories Consulting","description":"Luxury Leather Goods and Accessories Consulting","publisher":{"@id":"https:\/\/n2b-consulting.com\/de\/#organization"},"potentialAction":[{"@type":"SearchAction","target":{"@type":"EntryPoint","urlTemplate":"https:\/\/n2b-consulting.com\/de\/?s={search_term_string}"},"query-input":{"@type":"PropertyValueSpecification","valueRequired":true,"valueName":"search_term_string"}}],"inLanguage":"de"},{"@type":"Organization","@id":"https:\/\/n2b-consulting.com\/de\/#organization","name":"n2b consulting","url":"https:\/\/n2b-consulting.com\/de\/","logo":{"@type":"ImageObject","inLanguage":"de","@id":"https:\/\/n2b-consulting.com\/de\/#\/schema\/logo\/image\/","url":"https:\/\/n2b-consulting.com\/wp-content\/uploads\/2021\/04\/N2b-consulting_com_logo.jpg","contentUrl":"https:\/\/n2b-consulting.com\/wp-content\/uploads\/2021\/04\/N2b-consulting_com_logo.jpg","width":487,"height":435,"caption":"n2b consulting"},"image":{"@id":"https:\/\/n2b-consulting.com\/de\/#\/schema\/logo\/image\/"}}]}},"_links":{"self":[{"href":"https:\/\/n2b-consulting.com\/de\/wp-json\/wp\/v2\/pages\/3134","targetHints":{"allow":["GET"]}}],"collection":[{"href":"https:\/\/n2b-consulting.com\/de\/wp-json\/wp\/v2\/pages"}],"about":[{"href":"https:\/\/n2b-consulting.com\/de\/wp-json\/wp\/v2\/types\/page"}],"author":[{"embeddable":true,"href":"https:\/\/n2b-consulting.com\/de\/wp-json\/wp\/v2\/users\/1"}],"replies":[{"embeddable":true,"href":"https:\/\/n2b-consulting.com\/de\/wp-json\/wp\/v2\/comments?post=3134"}],"version-history":[{"count":11,"href":"https:\/\/n2b-consulting.com\/de\/wp-json\/wp\/v2\/pages\/3134\/revisions"}],"predecessor-version":[{"id":3221,"href":"https:\/\/n2b-consulting.com\/de\/wp-json\/wp\/v2\/pages\/3134\/revisions\/3221"}],"wp:attachment":[{"href":"https:\/\/n2b-consulting.com\/de\/wp-json\/wp\/v2\/media?parent=3134"}],"curies":[{"name":"wp","href":"https:\/\/api.w.org\/{rel}","templated":true}]}}