{"id":2525,"date":"2021-04-09T15:34:55","date_gmt":"2021-04-09T15:34:55","guid":{"rendered":"https:\/\/n2b-consulting.com\/?page_id=2525"},"modified":"2021-10-12T14:45:53","modified_gmt":"2021-10-12T14:45:53","slug":"projets","status":"publish","type":"page","link":"https:\/\/n2b-consulting.com\/fr\/projets","title":{"rendered":"projets"},"content":{"rendered":"\t\t<div data-elementor-type=\"wp-page\" data-elementor-id=\"2525\" class=\"elementor elementor-2525\">\n\t\t\t\t\t\t<section class=\"elementor-section elementor-top-section elementor-element elementor-element-a58e73c elementor-section-full_width elementor-section-height-default elementor-section-height-default parallax_section_no qode_elementor_container_no qode-content-aligment-left\" data-id=\"a58e73c\" data-element_type=\"section\" data-e-type=\"section\">\n\t\t\t\t\t\t<div class=\"elementor-container elementor-column-gap-default\">\n\t\t\t\t\t<div class=\"elementor-column elementor-col-100 elementor-top-column elementor-element elementor-element-f73bdb3\" data-id=\"f73bdb3\" data-element_type=\"column\" data-e-type=\"column\">\n\t\t\t<div class=\"elementor-widget-wrap elementor-element-populated\">\n\t\t\t\t\t\t<div class=\"elementor-element elementor-element-f930335 elementor-widget elementor-widget-text-editor\" data-id=\"f930335\" data-element_type=\"widget\" data-e-type=\"widget\" data-widget_type=\"text-editor.default\">\n\t\t\t\t<div class=\"elementor-widget-container\">\n\t\t\t\t\t\t\t\t\t<h1>projets<\/h1>\t\t\t\t\t\t\t\t<\/div>\n\t\t\t\t<\/div>\n\t\t\t\t\t<\/div>\n\t\t<\/div>\n\t\t\t\t\t<\/div>\n\t\t<\/section>\n\t\t\t\t<section class=\"elementor-section elementor-top-section elementor-element elementor-element-4176e88d elementor-section-full_width elementor-section-height-default elementor-section-height-default parallax_section_no qode_elementor_container_no qode-content-aligment-left\" data-id=\"4176e88d\" data-element_type=\"section\" data-e-type=\"section\" data-settings=\"{&quot;background_background&quot;:&quot;classic&quot;}\">\n\t\t\t\t\t\t<div class=\"elementor-container elementor-column-gap-wider\">\n\t\t\t\t\t<div class=\"elementor-column elementor-col-50 elementor-top-column elementor-element elementor-element-b47e2b1\" data-id=\"b47e2b1\" data-element_type=\"column\" data-e-type=\"column\">\n\t\t\t<div class=\"elementor-widget-wrap elementor-element-populated\">\n\t\t\t\t\t\t<div class=\"elementor-element elementor-element-130b303d elementor-hidden-tablet elementor-hidden-phone elementor-widget elementor-widget-text-editor\" data-id=\"130b303d\" data-element_type=\"widget\" data-e-type=\"widget\" data-widget_type=\"text-editor.default\">\n\t\t\t\t<div class=\"elementor-widget-container\">\n\t\t\t\t\t\t\t\t\t<h2 class=\"p1\">Voici une s\u00e9lection de certains<br> de nos projets  r\u00e9alis\u00e9s pour\u00a0:<br>\nComtesse, My-Stone, Chlo\u00e9,<br> Givenchy, Karl Lagerfeld etc \u2026\n<\/h2>\t\t\t\t\t\t\t\t<\/div>\n\t\t\t\t<\/div>\n\t\t\t\t<div class=\"elementor-element elementor-element-0b0fb59 elementor-hidden-desktop elementor-widget elementor-widget-text-editor\" data-id=\"0b0fb59\" data-element_type=\"widget\" data-e-type=\"widget\" data-widget_type=\"text-editor.default\">\n\t\t\t\t<div class=\"elementor-widget-container\">\n\t\t\t\t\t\t\t\t\t<h2 class=\"p1\">Voici une s\u00e9lection de<br> certains de nos projets  r\u00e9alis\u00e9s pour\u00a0:<br>\nComtesse, My-Stone,<br> Chlo\u00e9, Givenchy,<br> Karl Lagerfeld etc \u2026\n<\/h2>\t\t\t\t\t\t\t\t<\/div>\n\t\t\t\t<\/div>\n\t\t\t\t\t<\/div>\n\t\t<\/div>\n\t\t\t\t<div class=\"elementor-column elementor-col-50 elementor-top-column elementor-element elementor-element-220088a8\" data-id=\"220088a8\" data-element_type=\"column\" data-e-type=\"column\">\n\t\t\t<div class=\"elementor-widget-wrap elementor-element-populated\">\n\t\t\t\t\t\t<div class=\"elementor-element elementor-element-66f66c8f elementor-align-right elementor-mobile-align-left elementor-widget elementor-widget-button\" data-id=\"66f66c8f\" data-element_type=\"widget\" data-e-type=\"widget\" data-widget_type=\"button.default\">\n\t\t\t\t<div class=\"elementor-widget-container\">\n\t\t\t\t\t\t\t\t\t<div class=\"elementor-button-wrapper\">\n\t\t\t\t\t<a class=\"elementor-button elementor-button-link elementor-size-md\" href=\"https:\/\/n2b-consulting.com\/fr\/contactez-nous\">\n\t\t\t\t\t\t<span class=\"elementor-button-content-wrapper\">\n\t\t\t\t\t\t\t\t\t<span class=\"elementor-button-text\">nous contacter<\/span>\n\t\t\t\t\t<\/span>\n\t\t\t\t\t<\/a>\n\t\t\t\t<\/div>\n\t\t\t\t\t\t\t\t<\/div>\n\t\t\t\t<\/div>\n\t\t\t\t\t<\/div>\n\t\t<\/div>\n\t\t\t\t\t<\/div>\n\t\t<\/section>\n\t\t\t\t<section class=\"elementor-section elementor-top-section elementor-element elementor-element-e404b2b elementor-section-full_width elementor-section-height-default elementor-section-height-default parallax_section_no qode_elementor_container_no qode-content-aligment-left\" data-id=\"e404b2b\" data-element_type=\"section\" data-e-type=\"section\">\n\t\t\t\t\t\t<div class=\"elementor-container elementor-column-gap-default\">\n\t\t\t\t\t<div class=\"elementor-column elementor-col-100 elementor-top-column elementor-element elementor-element-a38bc63\" data-id=\"a38bc63\" data-element_type=\"column\" data-e-type=\"column\">\n\t\t\t<div class=\"elementor-widget-wrap elementor-element-populated\">\n\t\t\t\t\t\t<div class=\"elementor-element elementor-element-08c51a6 elementor-widget elementor-widget-portfolio_list\" data-id=\"08c51a6\" data-element_type=\"widget\" data-e-type=\"widget\" data-widget_type=\"portfolio_list.default\">\n\t\t\t\t<div class=\"elementor-widget-container\">\n\t\t\t\t\t<div class='projects_masonry_holder projects_masonry_holder_with_columns qodef-grid-masonry-list qodef-grid-list qodef-fixed-masonry-items   qodef-two-columns qodef-tiny-space qode-filter-position-top' data-parallax_item_speed='' data-parallax_item_offset=''>\r\n    <div class=\"qodef-masonry-list-wrapper qodef-outer-space qodef-masonry-images-fixed\">\r\n        <div class=\"qodef-masonry-grid-sizer\"><\/div>\r\n        <div class=\"qodef-masonry-grid-gutter\"><\/div>\r\n        <article class=\"portfolio_masonry_item portfolio_category_21 default qodef-item-space\">\n    <div class='image_holder default_hover'>\n        \n<span class='image'><img fetchpriority=\"high\" decoding=\"async\" width=\"500\" height=\"500\" src=\"https:\/\/n2b-consulting.com\/wp-content\/uploads\/2021\/03\/1_4_1_project_n2b-consulting_COMTESSE_CLARISSE-500x500.jpg\" class=\"attachment-portfolio_masonry_regular size-portfolio_masonry_regular wp-post-image\" alt=\"1_4_1_project_n2b-consulting_COMTESSE_CLARISSE\" srcset=\"https:\/\/n2b-consulting.com\/wp-content\/uploads\/2021\/03\/1_4_1_project_n2b-consulting_COMTESSE_CLARISSE-500x500.jpg 500w, https:\/\/n2b-consulting.com\/wp-content\/uploads\/2021\/03\/1_4_1_project_n2b-consulting_COMTESSE_CLARISSE-300x300.jpg 300w, https:\/\/n2b-consulting.com\/wp-content\/uploads\/2021\/03\/1_4_1_project_n2b-consulting_COMTESSE_CLARISSE-1024x1024.jpg 1024w, https:\/\/n2b-consulting.com\/wp-content\/uploads\/2021\/03\/1_4_1_project_n2b-consulting_COMTESSE_CLARISSE-150x150.jpg 150w, https:\/\/n2b-consulting.com\/wp-content\/uploads\/2021\/03\/1_4_1_project_n2b-consulting_COMTESSE_CLARISSE-768x768.jpg 768w, https:\/\/n2b-consulting.com\/wp-content\/uploads\/2021\/03\/1_4_1_project_n2b-consulting_COMTESSE_CLARISSE-1536x1536.jpg 1536w, https:\/\/n2b-consulting.com\/wp-content\/uploads\/2021\/03\/1_4_1_project_n2b-consulting_COMTESSE_CLARISSE-550x550.jpg 550w, https:\/\/n2b-consulting.com\/wp-content\/uploads\/2021\/03\/1_4_1_project_n2b-consulting_COMTESSE_CLARISSE-1000x1000.jpg 1000w, https:\/\/n2b-consulting.com\/wp-content\/uploads\/2021\/03\/1_4_1_project_n2b-consulting_COMTESSE_CLARISSE-700x700.jpg 700w, https:\/\/n2b-consulting.com\/wp-content\/uploads\/2021\/03\/1_4_1_project_n2b-consulting_COMTESSE_CLARISSE-1100x1100.jpg 1100w, https:\/\/n2b-consulting.com\/wp-content\/uploads\/2021\/03\/1_4_1_project_n2b-consulting_COMTESSE_CLARISSE.jpg 1745w\" sizes=\"(max-width: 500px) 100vw, 500px\" \/><\/span>\n\n    <a class='portfolio_link_class' href='https:\/\/n2b-consulting.com\/fr\/portfolio_page\/comtesse' target='_self'><\/a>\n        <div class=\"portfolio_shader\"><\/div>\n<div class=\"text_holder\">\n\t<h6 class=\"portfolio_title\" style=\"font-size: 30px;\"> Comtesse<\/h6><h6 class=\"portfolio_subtitle\"> <\/h6><\/div>\n<div class=\"icons_holder\">\n\t<div class=\"icons_holder_inner\">\n\t\t\t\t\t<\/div>\n<\/div>\n\n    <\/div>\n<\/article>\n<article class=\"portfolio_masonry_item portfolio_category_21 default qodef-item-space\">\n    <div class='image_holder default_hover'>\n        \n<span class='image'><img decoding=\"async\" width=\"500\" height=\"500\" src=\"https:\/\/n2b-consulting.com\/wp-content\/uploads\/2021\/03\/4_4_2_project_n2b-consulting_CHLOE_ACCESSORIES_JEWELS1-500x500.jpg\" class=\"attachment-portfolio_masonry_regular size-portfolio_masonry_regular wp-post-image\" alt=\"\" srcset=\"https:\/\/n2b-consulting.com\/wp-content\/uploads\/2021\/03\/4_4_2_project_n2b-consulting_CHLOE_ACCESSORIES_JEWELS1-500x500.jpg 500w, https:\/\/n2b-consulting.com\/wp-content\/uploads\/2021\/03\/4_4_2_project_n2b-consulting_CHLOE_ACCESSORIES_JEWELS1-150x150.jpg 150w, https:\/\/n2b-consulting.com\/wp-content\/uploads\/2021\/03\/4_4_2_project_n2b-consulting_CHLOE_ACCESSORIES_JEWELS1-550x550.jpg 550w, https:\/\/n2b-consulting.com\/wp-content\/uploads\/2021\/03\/4_4_2_project_n2b-consulting_CHLOE_ACCESSORIES_JEWELS1-1000x1000.jpg 1000w\" sizes=\"(max-width: 500px) 100vw, 500px\" \/><\/span>\n\n    <a class='portfolio_link_class' href='https:\/\/n2b-consulting.com\/fr\/portfolio_page\/chloe' target='_self'><\/a>\n        <div class=\"portfolio_shader\"><\/div>\n<div class=\"text_holder\">\n\t<h6 class=\"portfolio_title\" style=\"font-size: 30px;\"> Chlo\u00e9<\/h6><h6 class=\"portfolio_subtitle\"> <\/h6><\/div>\n<div class=\"icons_holder\">\n\t<div class=\"icons_holder_inner\">\n\t\t\t\t\t<\/div>\n<\/div>\n\n    <\/div>\n<\/article>\n<article class=\"portfolio_masonry_item portfolio_category_21 large_width qodef-item-space\">\n    <div class='image_holder default_hover'>\n        \n<span class='image'><img decoding=\"async\" width=\"1000\" height=\"500\" src=\"https:\/\/n2b-consulting.com\/wp-content\/uploads\/2021\/03\/feature-mystone01-1000x500.jpg\" class=\"attachment-portfolio_masonry_wide size-portfolio_masonry_wide wp-post-image\" alt=\"\" \/><\/span>\n\n    <a class='portfolio_link_class' href='https:\/\/n2b-consulting.com\/fr\/portfolio_page\/my-stone' target='_self'><\/a>\n        <div class=\"portfolio_shader\"><\/div>\n<div class=\"text_holder\">\n\t<h6 class=\"portfolio_title\" style=\"font-size: 30px;\"> My Stone<\/h6><h6 class=\"portfolio_subtitle\"> <\/h6><\/div>\n<div class=\"icons_holder\">\n\t<div class=\"icons_holder_inner\">\n\t\t\t\t\t<\/div>\n<\/div>\n\n    <\/div>\n<\/article>\n<article class=\"portfolio_masonry_item portfolio_category_21 default qodef-item-space\">\n    <div class='image_holder default_hover'>\n        \n<span class='image'><img loading=\"lazy\" decoding=\"async\" width=\"500\" height=\"500\" src=\"https:\/\/n2b-consulting.com\/wp-content\/uploads\/2021\/03\/3_4_4_project_n2b-consulting_HARDWARE_CLOSURES-500x500.jpg\" class=\"attachment-portfolio_masonry_regular size-portfolio_masonry_regular wp-post-image\" alt=\"\" srcset=\"https:\/\/n2b-consulting.com\/wp-content\/uploads\/2021\/03\/3_4_4_project_n2b-consulting_HARDWARE_CLOSURES-500x500.jpg 500w, https:\/\/n2b-consulting.com\/wp-content\/uploads\/2021\/03\/3_4_4_project_n2b-consulting_HARDWARE_CLOSURES-300x300.jpg 300w, https:\/\/n2b-consulting.com\/wp-content\/uploads\/2021\/03\/3_4_4_project_n2b-consulting_HARDWARE_CLOSURES-1024x1024.jpg 1024w, https:\/\/n2b-consulting.com\/wp-content\/uploads\/2021\/03\/3_4_4_project_n2b-consulting_HARDWARE_CLOSURES-150x150.jpg 150w, https:\/\/n2b-consulting.com\/wp-content\/uploads\/2021\/03\/3_4_4_project_n2b-consulting_HARDWARE_CLOSURES-768x768.jpg 768w, https:\/\/n2b-consulting.com\/wp-content\/uploads\/2021\/03\/3_4_4_project_n2b-consulting_HARDWARE_CLOSURES-550x550.jpg 550w, https:\/\/n2b-consulting.com\/wp-content\/uploads\/2021\/03\/3_4_4_project_n2b-consulting_HARDWARE_CLOSURES-1000x1000.jpg 1000w, https:\/\/n2b-consulting.com\/wp-content\/uploads\/2021\/03\/3_4_4_project_n2b-consulting_HARDWARE_CLOSURES-700x700.jpg 700w, https:\/\/n2b-consulting.com\/wp-content\/uploads\/2021\/03\/3_4_4_project_n2b-consulting_HARDWARE_CLOSURES-1100x1100.jpg 1100w, https:\/\/n2b-consulting.com\/wp-content\/uploads\/2021\/03\/3_4_4_project_n2b-consulting_HARDWARE_CLOSURES.jpg 1500w\" sizes=\"(max-width: 500px) 100vw, 500px\" \/><\/span>\n\n    <a class='portfolio_link_class' href='https:\/\/n2b-consulting.com\/fr\/portfolio_page\/accessoires' target='_self'><\/a>\n        <div class=\"portfolio_shader\"><\/div>\n<div class=\"text_holder\">\n\t<h6 class=\"portfolio_title\" style=\"font-size: 30px;\"> Accessoires<\/h6><h6 class=\"portfolio_subtitle\"> <\/h6><\/div>\n<div class=\"icons_holder\">\n\t<div class=\"icons_holder_inner\">\n\t\t\t\t\t<\/div>\n<\/div>\n\n    <\/div>\n<\/article>\n<article class=\"portfolio_masonry_item portfolio_category_21 default qodef-item-space\">\n    <div class='image_holder default_hover'>\n        \n<span class='image'><img loading=\"lazy\" decoding=\"async\" width=\"500\" height=\"500\" src=\"https:\/\/n2b-consulting.com\/wp-content\/uploads\/2021\/04\/embellishment-projectimage-500x500.jpg\" class=\"attachment-portfolio_masonry_regular size-portfolio_masonry_regular wp-post-image\" alt=\"\" srcset=\"https:\/\/n2b-consulting.com\/wp-content\/uploads\/2021\/04\/embellishment-projectimage-500x500.jpg 500w, https:\/\/n2b-consulting.com\/wp-content\/uploads\/2021\/04\/embellishment-projectimage-300x300.jpg 300w, https:\/\/n2b-consulting.com\/wp-content\/uploads\/2021\/04\/embellishment-projectimage-1024x1024.jpg 1024w, https:\/\/n2b-consulting.com\/wp-content\/uploads\/2021\/04\/embellishment-projectimage-150x150.jpg 150w, https:\/\/n2b-consulting.com\/wp-content\/uploads\/2021\/04\/embellishment-projectimage-768x768.jpg 768w, https:\/\/n2b-consulting.com\/wp-content\/uploads\/2021\/04\/embellishment-projectimage-1536x1536.jpg 1536w, https:\/\/n2b-consulting.com\/wp-content\/uploads\/2021\/04\/embellishment-projectimage-550x550.jpg 550w, https:\/\/n2b-consulting.com\/wp-content\/uploads\/2021\/04\/embellishment-projectimage-1000x1000.jpg 1000w, https:\/\/n2b-consulting.com\/wp-content\/uploads\/2021\/04\/embellishment-projectimage-700x700.jpg 700w, https:\/\/n2b-consulting.com\/wp-content\/uploads\/2021\/04\/embellishment-projectimage-1100x1099.jpg 1100w, https:\/\/n2b-consulting.com\/wp-content\/uploads\/2021\/04\/embellishment-projectimage.jpg 1920w\" sizes=\"(max-width: 500px) 100vw, 500px\" \/><\/span>\n\n    <a class='portfolio_link_class' href='https:\/\/n2b-consulting.com\/fr\/portfolio_page\/embellishment' target='_self'><\/a>\n        <div class=\"portfolio_shader\"><\/div>\n<div class=\"text_holder\">\n\t<h6 class=\"portfolio_title\" style=\"font-size: 30px;\"> Embellishment<\/h6><h6 class=\"portfolio_subtitle\"> <\/h6><\/div>\n<div class=\"icons_holder\">\n\t<div class=\"icons_holder_inner\">\n\t\t\t\t\t<\/div>\n<\/div>\n\n    <\/div>\n<\/article>\n    <\/div>\r\n<\/div>\r\n\t\t\t\t<\/div>\n\t\t\t\t<\/div>\n\t\t\t\t\t<\/div>\n\t\t<\/div>\n\t\t\t\t\t<\/div>\n\t\t<\/section>\n\t\t\t\t<\/div>\n\t\t","protected":false},"excerpt":{"rendered":"<p>projets Voici une s\u00e9lection de certains de nos projets r\u00e9alis\u00e9s pour&nbsp;: Comtesse, My-Stone, Chlo\u00e9, Givenchy, Karl Lagerfeld etc \u2026 Voici une s\u00e9lection de certains de nos projets r\u00e9alis\u00e9s pour&nbsp;: Comtesse, My-Stone, Chlo\u00e9, Givenchy, Karl Lagerfeld etc \u2026 nous contacter Comtesse Chlo\u00e9 My Stone Accessoires Embellishment<\/p>\n","protected":false},"author":1,"featured_media":0,"parent":0,"menu_order":0,"comment_status":"closed","ping_status":"closed","template":"elementor_header_footer","meta":{"footnotes":""},"class_list":["post-2525","page","type-page","status-publish","hentry"],"yoast_head":"<!-- This site is optimized with the Yoast SEO plugin v27.4 - https:\/\/yoast.com\/product\/yoast-seo-wordpress\/ -->\n<title>n2b=consulting Services - Projets - COMTESSE | Chlo\u00e9 | MY STONE<\/title>\n<meta name=\"description\" content=\"n2b=consulting | Voici une s\u00e9lection de certainsde nos projets r\u00e9alis\u00e9s pour :Comtesse, My-Stone, Chlo\u00e9,Givenchy, Karl Lagerfeld etc \u2026\" \/>\n<meta name=\"robots\" content=\"index, follow, max-snippet:-1, max-image-preview:large, max-video-preview:-1\" \/>\n<link rel=\"canonical\" href=\"https:\/\/n2b-consulting.com\/fr\/projets\" \/>\n<meta property=\"og:locale\" content=\"fr_FR\" \/>\n<meta property=\"og:type\" content=\"article\" \/>\n<meta property=\"og:title\" content=\"n2b=consulting Services - Projets - COMTESSE | Chlo\u00e9 | MY STONE\" \/>\n<meta property=\"og:description\" content=\"n2b=consulting | Voici une s\u00e9lection de certainsde nos projets r\u00e9alis\u00e9s pour :Comtesse, My-Stone, Chlo\u00e9,Givenchy, Karl Lagerfeld etc \u2026\" \/>\n<meta property=\"og:url\" content=\"https:\/\/n2b-consulting.com\/fr\/projets\" \/>\n<meta property=\"og:site_name\" content=\"n2b=consulting - Luxury Leather Goods and Accessories Consulting\" \/>\n<meta property=\"article:modified_time\" content=\"2021-10-12T14:45:53+00:00\" \/>\n<meta property=\"og:image\" content=\"https:\/\/n2b-consulting.com\/wp-content\/uploads\/2021\/03\/1_4_1_project_n2b-consulting_COMTESSE_CLARISSE-500x500.jpg\" \/>\n<meta name=\"twitter:card\" content=\"summary_large_image\" \/>\n<meta name=\"twitter:label1\" content=\"Dur\u00e9e de lecture estim\u00e9e\" \/>\n\t<meta name=\"twitter:data1\" content=\"2 minutes\" \/>\n<script type=\"application\/ld+json\" class=\"yoast-schema-graph\">{\"@context\":\"https:\\\/\\\/schema.org\",\"@graph\":[{\"@type\":\"WebPage\",\"@id\":\"https:\\\/\\\/n2b-consulting.com\\\/fr\\\/projets\",\"url\":\"https:\\\/\\\/n2b-consulting.com\\\/fr\\\/projets\",\"name\":\"n2b=consulting Services - Projets - COMTESSE | Chlo\u00e9 | MY STONE\",\"isPartOf\":{\"@id\":\"https:\\\/\\\/n2b-consulting.com\\\/fr#website\"},\"primaryImageOfPage\":{\"@id\":\"https:\\\/\\\/n2b-consulting.com\\\/fr\\\/projets#primaryimage\"},\"image\":{\"@id\":\"https:\\\/\\\/n2b-consulting.com\\\/fr\\\/projets#primaryimage\"},\"thumbnailUrl\":\"https:\\\/\\\/n2b-consulting.com\\\/wp-content\\\/uploads\\\/2021\\\/03\\\/1_4_1_project_n2b-consulting_COMTESSE_CLARISSE-500x500.jpg\",\"datePublished\":\"2021-04-09T15:34:55+00:00\",\"dateModified\":\"2021-10-12T14:45:53+00:00\",\"description\":\"n2b=consulting | Voici une s\u00e9lection de certainsde nos projets r\u00e9alis\u00e9s pour :Comtesse, My-Stone, Chlo\u00e9,Givenchy, Karl Lagerfeld etc \u2026\",\"breadcrumb\":{\"@id\":\"https:\\\/\\\/n2b-consulting.com\\\/fr\\\/projets#breadcrumb\"},\"inLanguage\":\"fr-FR\",\"potentialAction\":[{\"@type\":\"ReadAction\",\"target\":[\"https:\\\/\\\/n2b-consulting.com\\\/fr\\\/projets\"]}]},{\"@type\":\"ImageObject\",\"inLanguage\":\"fr-FR\",\"@id\":\"https:\\\/\\\/n2b-consulting.com\\\/fr\\\/projets#primaryimage\",\"url\":\"https:\\\/\\\/n2b-consulting.com\\\/wp-content\\\/uploads\\\/2021\\\/03\\\/1_4_1_project_n2b-consulting_COMTESSE_CLARISSE-500x500.jpg\",\"contentUrl\":\"https:\\\/\\\/n2b-consulting.com\\\/wp-content\\\/uploads\\\/2021\\\/03\\\/1_4_1_project_n2b-consulting_COMTESSE_CLARISSE-500x500.jpg\"},{\"@type\":\"BreadcrumbList\",\"@id\":\"https:\\\/\\\/n2b-consulting.com\\\/fr\\\/projets#breadcrumb\",\"itemListElement\":[{\"@type\":\"ListItem\",\"position\":1,\"name\":\"Home\",\"item\":\"https:\\\/\\\/n2b-consulting.com\\\/fr\"},{\"@type\":\"ListItem\",\"position\":2,\"name\":\"projets\"}]},{\"@type\":\"WebSite\",\"@id\":\"https:\\\/\\\/n2b-consulting.com\\\/fr#website\",\"url\":\"https:\\\/\\\/n2b-consulting.com\\\/fr\",\"name\":\"n2b=consulting - Luxury Leather Goods and Accessories Consulting\",\"description\":\"Luxury Leather Goods and Accessories Consulting\",\"publisher\":{\"@id\":\"https:\\\/\\\/n2b-consulting.com\\\/fr#organization\"},\"potentialAction\":[{\"@type\":\"SearchAction\",\"target\":{\"@type\":\"EntryPoint\",\"urlTemplate\":\"https:\\\/\\\/n2b-consulting.com\\\/fr?s={search_term_string}\"},\"query-input\":{\"@type\":\"PropertyValueSpecification\",\"valueRequired\":true,\"valueName\":\"search_term_string\"}}],\"inLanguage\":\"fr-FR\"},{\"@type\":\"Organization\",\"@id\":\"https:\\\/\\\/n2b-consulting.com\\\/fr#organization\",\"name\":\"n2b consulting\",\"url\":\"https:\\\/\\\/n2b-consulting.com\\\/fr\",\"logo\":{\"@type\":\"ImageObject\",\"inLanguage\":\"fr-FR\",\"@id\":\"https:\\\/\\\/n2b-consulting.com\\\/fr#\\\/schema\\\/logo\\\/image\\\/\",\"url\":\"https:\\\/\\\/n2b-consulting.com\\\/wp-content\\\/uploads\\\/2021\\\/04\\\/N2b-consulting_com_logo.jpg\",\"contentUrl\":\"https:\\\/\\\/n2b-consulting.com\\\/wp-content\\\/uploads\\\/2021\\\/04\\\/N2b-consulting_com_logo.jpg\",\"width\":487,\"height\":435,\"caption\":\"n2b consulting\"},\"image\":{\"@id\":\"https:\\\/\\\/n2b-consulting.com\\\/fr#\\\/schema\\\/logo\\\/image\\\/\"}}]}<\/script>\n<!-- \/ Yoast SEO plugin. -->","yoast_head_json":{"title":"n2b=consulting Services - Projets - COMTESSE | Chlo\u00e9 | MY STONE","description":"n2b=consulting | Voici une s\u00e9lection de certainsde nos projets r\u00e9alis\u00e9s pour :Comtesse, My-Stone, Chlo\u00e9,Givenchy, Karl Lagerfeld etc \u2026","robots":{"index":"index","follow":"follow","max-snippet":"max-snippet:-1","max-image-preview":"max-image-preview:large","max-video-preview":"max-video-preview:-1"},"canonical":"https:\/\/n2b-consulting.com\/fr\/projets","og_locale":"fr_FR","og_type":"article","og_title":"n2b=consulting Services - Projets - COMTESSE | Chlo\u00e9 | MY STONE","og_description":"n2b=consulting | Voici une s\u00e9lection de certainsde nos projets r\u00e9alis\u00e9s pour :Comtesse, My-Stone, Chlo\u00e9,Givenchy, Karl Lagerfeld etc \u2026","og_url":"https:\/\/n2b-consulting.com\/fr\/projets","og_site_name":"n2b=consulting - Luxury Leather Goods and Accessories Consulting","article_modified_time":"2021-10-12T14:45:53+00:00","og_image":[{"url":"https:\/\/n2b-consulting.com\/wp-content\/uploads\/2021\/03\/1_4_1_project_n2b-consulting_COMTESSE_CLARISSE-500x500.jpg","type":"","width":"","height":""}],"twitter_card":"summary_large_image","twitter_misc":{"Dur\u00e9e de lecture estim\u00e9e":"2 minutes"},"schema":{"@context":"https:\/\/schema.org","@graph":[{"@type":"WebPage","@id":"https:\/\/n2b-consulting.com\/fr\/projets","url":"https:\/\/n2b-consulting.com\/fr\/projets","name":"n2b=consulting Services - Projets - COMTESSE | Chlo\u00e9 | MY STONE","isPartOf":{"@id":"https:\/\/n2b-consulting.com\/fr#website"},"primaryImageOfPage":{"@id":"https:\/\/n2b-consulting.com\/fr\/projets#primaryimage"},"image":{"@id":"https:\/\/n2b-consulting.com\/fr\/projets#primaryimage"},"thumbnailUrl":"https:\/\/n2b-consulting.com\/wp-content\/uploads\/2021\/03\/1_4_1_project_n2b-consulting_COMTESSE_CLARISSE-500x500.jpg","datePublished":"2021-04-09T15:34:55+00:00","dateModified":"2021-10-12T14:45:53+00:00","description":"n2b=consulting | Voici une s\u00e9lection de certainsde nos projets r\u00e9alis\u00e9s pour :Comtesse, My-Stone, Chlo\u00e9,Givenchy, Karl Lagerfeld etc \u2026","breadcrumb":{"@id":"https:\/\/n2b-consulting.com\/fr\/projets#breadcrumb"},"inLanguage":"fr-FR","potentialAction":[{"@type":"ReadAction","target":["https:\/\/n2b-consulting.com\/fr\/projets"]}]},{"@type":"ImageObject","inLanguage":"fr-FR","@id":"https:\/\/n2b-consulting.com\/fr\/projets#primaryimage","url":"https:\/\/n2b-consulting.com\/wp-content\/uploads\/2021\/03\/1_4_1_project_n2b-consulting_COMTESSE_CLARISSE-500x500.jpg","contentUrl":"https:\/\/n2b-consulting.com\/wp-content\/uploads\/2021\/03\/1_4_1_project_n2b-consulting_COMTESSE_CLARISSE-500x500.jpg"},{"@type":"BreadcrumbList","@id":"https:\/\/n2b-consulting.com\/fr\/projets#breadcrumb","itemListElement":[{"@type":"ListItem","position":1,"name":"Home","item":"https:\/\/n2b-consulting.com\/fr"},{"@type":"ListItem","position":2,"name":"projets"}]},{"@type":"WebSite","@id":"https:\/\/n2b-consulting.com\/fr#website","url":"https:\/\/n2b-consulting.com\/fr","name":"n2b=consulting - Luxury Leather Goods and Accessories Consulting","description":"Luxury Leather Goods and Accessories Consulting","publisher":{"@id":"https:\/\/n2b-consulting.com\/fr#organization"},"potentialAction":[{"@type":"SearchAction","target":{"@type":"EntryPoint","urlTemplate":"https:\/\/n2b-consulting.com\/fr?s={search_term_string}"},"query-input":{"@type":"PropertyValueSpecification","valueRequired":true,"valueName":"search_term_string"}}],"inLanguage":"fr-FR"},{"@type":"Organization","@id":"https:\/\/n2b-consulting.com\/fr#organization","name":"n2b consulting","url":"https:\/\/n2b-consulting.com\/fr","logo":{"@type":"ImageObject","inLanguage":"fr-FR","@id":"https:\/\/n2b-consulting.com\/fr#\/schema\/logo\/image\/","url":"https:\/\/n2b-consulting.com\/wp-content\/uploads\/2021\/04\/N2b-consulting_com_logo.jpg","contentUrl":"https:\/\/n2b-consulting.com\/wp-content\/uploads\/2021\/04\/N2b-consulting_com_logo.jpg","width":487,"height":435,"caption":"n2b consulting"},"image":{"@id":"https:\/\/n2b-consulting.com\/fr#\/schema\/logo\/image\/"}}]}},"_links":{"self":[{"href":"https:\/\/n2b-consulting.com\/fr\/wp-json\/wp\/v2\/pages\/2525","targetHints":{"allow":["GET"]}}],"collection":[{"href":"https:\/\/n2b-consulting.com\/fr\/wp-json\/wp\/v2\/pages"}],"about":[{"href":"https:\/\/n2b-consulting.com\/fr\/wp-json\/wp\/v2\/types\/page"}],"author":[{"embeddable":true,"href":"https:\/\/n2b-consulting.com\/fr\/wp-json\/wp\/v2\/users\/1"}],"replies":[{"embeddable":true,"href":"https:\/\/n2b-consulting.com\/fr\/wp-json\/wp\/v2\/comments?post=2525"}],"version-history":[{"count":44,"href":"https:\/\/n2b-consulting.com\/fr\/wp-json\/wp\/v2\/pages\/2525\/revisions"}],"predecessor-version":[{"id":3462,"href":"https:\/\/n2b-consulting.com\/fr\/wp-json\/wp\/v2\/pages\/2525\/revisions\/3462"}],"wp:attachment":[{"href":"https:\/\/n2b-consulting.com\/fr\/wp-json\/wp\/v2\/media?parent=2525"}],"curies":[{"name":"wp","href":"https:\/\/api.w.org\/{rel}","templated":true}]}}