{"id":3133,"date":"2020-07-21T10:16:35","date_gmt":"2020-07-21T10:16:35","guid":{"rendered":"https:\/\/n2b-consulting.com\/privacy-policy"},"modified":"2021-04-26T16:45:03","modified_gmt":"2021-04-26T16:45:03","slug":"politique-de-confidentialite","status":"publish","type":"page","link":"https:\/\/n2b-consulting.com\/fr\/politique-de-confidentialite","title":{"rendered":"Politique de confidentialit\u00e9"},"content":{"rendered":"\t\t<div data-elementor-type=\"wp-page\" data-elementor-id=\"3133\" class=\"elementor elementor-3133\">\n\t\t\t\t\t\t<section class=\"elementor-section elementor-top-section elementor-element elementor-element-e3caacf elementor-section-full_width elementor-section-height-default elementor-section-height-default parallax_section_no qode_elementor_container_no qode-content-aligment-left\" data-id=\"e3caacf\" data-element_type=\"section\" data-e-type=\"section\">\n\t\t\t\t\t\t<div class=\"elementor-container elementor-column-gap-default\">\n\t\t\t\t\t<div class=\"elementor-column elementor-col-100 elementor-top-column elementor-element elementor-element-01a9799\" data-id=\"01a9799\" data-element_type=\"column\" data-e-type=\"column\">\n\t\t\t<div class=\"elementor-widget-wrap elementor-element-populated\">\n\t\t\t\t\t\t<div class=\"elementor-element elementor-element-eecfe41 elementor-widget elementor-widget-text-editor\" data-id=\"eecfe41\" data-element_type=\"widget\" data-e-type=\"widget\" data-widget_type=\"text-editor.default\">\n\t\t\t\t<div class=\"elementor-widget-container\">\n\t\t\t\t\t\t\t\t\t<h1>Privacy Policy<\/h1>\t\t\t\t\t\t\t\t<\/div>\n\t\t\t\t<\/div>\n\t\t\t\t\t<\/div>\n\t\t<\/div>\n\t\t\t\t\t<\/div>\n\t\t<\/section>\n\t\t\t\t<section class=\"elementor-section elementor-top-section elementor-element elementor-element-60abf672 elementor-section-full_width elementor-section-height-default elementor-section-height-default parallax_section_no qode_elementor_container_no qode-content-aligment-left\" data-id=\"60abf672\" data-element_type=\"section\" data-e-type=\"section\">\n\t\t\t\t\t\t<div class=\"elementor-container elementor-column-gap-default\">\n\t\t\t\t\t<div class=\"elementor-column elementor-col-100 elementor-top-column elementor-element elementor-element-e712317\" data-id=\"e712317\" data-element_type=\"column\" data-e-type=\"column\">\n\t\t\t<div class=\"elementor-widget-wrap elementor-element-populated\">\n\t\t\t\t\t\t<div class=\"elementor-element elementor-element-5429980d elementor-widget elementor-widget-text-editor\" data-id=\"5429980d\" data-element_type=\"widget\" data-e-type=\"widget\" data-widget_type=\"text-editor.default\">\n\t\t\t\t<div class=\"elementor-widget-container\">\n\t\t\t\t\t\t\t\t\t<p><\/p>\n<p class=\"p1\">Le nom de domaine du site Web est uniquement\u00a0: <span style=\"text-decoration: underline;\"><a href=\"https:\/\/n2b-consulting.com\"><span class=\"s1\">https:\/\/n2b-consulting.com<\/span><\/a><\/span>.<\/p>\n<p class=\"p1\">L&rsquo;adresse du site est identique, soit : <span style=\"text-decoration: underline;\"><a href=\"https:\/\/n2b-consulting.com\"><span class=\"s2\">https:\/\/n2b-consulting.com<\/span><\/a><\/span>. Elle n\u2019est reli\u00e9e \u00e0 aucun autre nom de domaine ou adresse.<\/p>\n<p class=\"p1\">L\u2019adresse \u00e9lectronique de contact sera seulement la suivante\u00a0: <span style=\"text-decoration: underline;\"><a href=\"mailto:info@n2b-consulting.com\">info@n2b-consulting.com<\/a><\/span>.<\/p>\n<p>&nbsp;<\/p>\n<h2 class=\"p3 wp-block-heading\">Donn\u00e9es personnelles collect\u00e9es et motif\u00a0:<\/h2>\n<p>&nbsp;<\/p>\n<p class=\"p1\">Le site Web est h\u00e9berg\u00e9 par WordPress, les donn\u00e9es personnelles, les cookies, etc. sont communs \u00e0 tous les sites utilisant cette plateforme. Qu\u2019ils soient h\u00e9berg\u00e9s gratuitement ou contre paiement.<\/p>\n<p>&nbsp;<\/p>\n<p class=\"p3\"><b>Commentaires\u00a0:<\/b><\/p>\n<p class=\"p1\">Notre site Web n&rsquo;utilise pas la fonction \u00ab\u00a0Commentaires\u00a0\u00bb. Par cons\u00e9quent, nous ne conservons, ni ne g\u00e9rons aucune information provenant de possibles commentaires.<\/p>\n<p>&nbsp;<\/p>\n<p class=\"p3\"><b>Formulaire de contact\u00a0:<\/b><\/p>\n<p class=\"p1\">Les e-mails envoy\u00e9s \u00e0 partir du formulaire de contact ne demandent la fourniture que d\u2019informations limit\u00e9es. A savoir\u00a0: vos nom, pr\u00e9nom et adresse e-mail.<\/p>\n<p class=\"p1\">Les informations ainsi recueillies ne sont utilis\u00e9es que pour r\u00e9pondre \u00e0 vos demandes ou \u00e0 toute autre activit\u00e9 connect\u00e9e directement sur le site. En aucun cas elles ne sont collect\u00e9es, lou\u00e9es, \u00e9chang\u00e9es, mise \u00e0 disposition ou vendues \u00e0 des tiers.<\/p>\n<p>&nbsp;<\/p>\n<p class=\"p3\"><b>Cookies\u00a0:<\/b><\/p>\n<p class=\"p1\">En visitant notre site Web, vous acceptez la possibilit\u00e9 pour celui-ci de t\u00e9l\u00e9charger des cookies sur votre ordinateur, lorsque vous acc\u00e9dez audit site pour la premi\u00e8re fois. Vous devez cliquer sur \u00ab Accepter \u00bb sur la banni\u00e8re informant de l\u2019existence de cookies.<\/p>\n<p class=\"p1\">Si vous visitez le site, nous installerons un cookie temporaire pour d\u00e9terminer si votre navigateur accepte les cookies. Ce cookie ne contient aucune donn\u00e9e personnelle et est supprim\u00e9 lorsque vous fermez votre navigateur. Lorsque vous naviguez, nous mettons \u00e9galement en place plusieurs cookies pour enregistrer vos choix d&rsquo;affichage \u00e0 l&rsquo;\u00e9cran. Les cookies d&rsquo;options d&rsquo;\u00e9cran ont une dur\u00e9e de conservation d\u2019un an.<span class=\"Apple-converted-space\">\u00a0<\/span><\/p>\n<p class=\"p1\">Des cookies tiers de Google Analytics sont aussi utilis\u00e9s. Ils sont destin\u00e9s \u00e0 am\u00e9liorer l&rsquo;exp\u00e9rience utilisateur et pour des statistiques anonymes sur les utilisateurs visitant notre site Internet. Toutefois, nous signalons avoir opt\u00e9 pour l&rsquo;anonymisation des adresses IP.<\/p>\n<p>&nbsp;<\/p>\n<p class=\"p3\"><b>Contenu int\u00e9gr\u00e9 d&rsquo;autres sites Web\u00a0:<\/b><\/p>\n<p class=\"p1\">Pour information, ce site Web n&rsquo;inclut pas le contenu d&rsquo;autres plate-formes ou tout autre contenu int\u00e9gr\u00e9.<\/p>\n<p>&nbsp;<\/p>\n<p class=\"p3\"><b>Donn\u00e9es analytiques\u00a0:<\/b><\/p>\n<p class=\"p1\">Cette section fournit au propri\u00e9taire du site des services lui permettant de monitorer et d&rsquo;analyser le trafic des internautes sur ce dernier. Les donn\u00e9es ainsi recueillies peuvent \u00eatre utilis\u00e9s pour suivre le comportement de l&rsquo;utilisateur.<\/p>\n<p>&nbsp;<\/p>\n<p class=\"p3\"><b>Suivi par Facebook Ads (Facebook Inc.)\u00a0des basculements :<\/b><\/p>\n<p class=\"p1\">Facebook Ads est un service d&rsquo;analyse fourni par Facebook Inc. Il analyse le suivi des choix et d\u00e9cisions effectu\u00e9s par les utilisateurs en reliant les donn\u00e9es du r\u00e9seau publicitaire de Facebook aux actions effectu\u00e9es sur cette application. Les donn\u00e9es personnelles ainsi collect\u00e9es proviennent tant de cookies que des donn\u00e9es d\u2019usage fournies par l\u2019utilisateur.<\/p>\n<p class=\"p1\">Les \u00c9tats-Unis sont le lieu de traitement des donn\u00e9es ainsi collect\u00e9es. Vous \u00eates inform\u00e9 qu\u2019une politique de confidentialit\u00e9 a \u00e9t\u00e9 mise en place par Facebook par rapport \u00e0 celles-ci.<\/p>\n<p>&nbsp;<\/p>\n<p class=\"p3\"><b>Google Analytics (Google Inc.)\u00a0:<\/b><\/p>\n<p class=\"p1\">Google Analytics est un service d&rsquo;analyse Web fourni par Google Inc. (\u00abGoogle\u00bb). De son c\u00f4t\u00e9, Google utilise les donn\u00e9es ainsi recueillies pour suivre et examiner l&rsquo;utilisation de son application, pr\u00e9parer des rapports sur ses activit\u00e9s et les partager avec d&rsquo;autres services Google. Vous \u00eates inform\u00e9s que Google est libre d\u2019utiliser les donn\u00e9es ainsi recueillies pour contextualiser et personnaliser les publicit\u00e9s de son propre r\u00e9seau publicitaire.<\/p>\n<p class=\"p1\">Toutefois, il vous est pr\u00e9cis\u00e9 en premier lieu que Google Analytics anonymise votre adresse IP. Ensuit qu\u2019il fonctionne en raccourcissant les adresses IP des utilisateurs se connectant au site, \u00e0 partir d\u2019un \u00c9tat membre de l&rsquo;Union Europ\u00e9enne ou d&rsquo;un \u00c9tat appartenant \u00e0 l&rsquo;Espace Economique Europ\u00e9en.<\/p>\n<p class=\"p1\">Ce n&rsquo;est que dans des cas exceptionnels que l&rsquo;adresse IP compl\u00e8te sera envoy\u00e9e \u00e0 un serveur de Google install\u00e9 aux \u00c9tats-Unis. Il y circulera alors sous forme raccourcie.<\/p>\n<p>&nbsp;<\/p>\n<p class=\"p3\"><b>Donn\u00e9es personnelles collect\u00e9es :<span class=\"Apple-converted-space\">\u00a0<\/span><\/b><\/p>\n<p class=\"p1\">Il s\u2019agit de celles r\u00e9sultant des cookies et donn\u00e9es d&rsquo;utilisation. Leur lieu de traitement est les \u00c9tats-Unis.<\/p>\n<p>&nbsp;<\/p>\n<p class=\"p3\"><b>Dur\u00e9e de conservation des donn\u00e9es et droits sur les donn\u00e9es\u00a0:<\/b><\/p>\n<p class=\"p1\">Ce site Internet n&rsquo;utilise ni comptes d&rsquo;utilisateurs, ni commentaires. En cas d&rsquo;\u00e9change d&rsquo;e-mails \u2013 seul cas o\u00f9 nous traitons les donn\u00e9es des utilisateurs \u2013 vous pouvez demander \u00e0 recevoir un fichier export\u00e9 de vos donn\u00e9es personnelles, telles que collect\u00e9es par nous, incluant celles que vous nous avez fournies lors de vos connexions.<\/p>\n<p class=\"p1\">Vous disposez du droit de demander l\u2019effacement de toutes vos donn\u00e9es personnelles d\u00e9tenues par nous. A l\u2019exception de celles que nous sommes dans l\u2019obligation de conserver \u2013 pour un temps limit\u00e9 \u2013 pour nous conformer aux r\u00e9gulations administratives, juridiques ou de s\u00e9curit\u00e9.<\/p>\n<p>&nbsp;<\/p>\n<p class=\"p3\"><b>Vos informations de contact\u00a0:<\/b><\/p>\n<p class=\"p1\">A nouveau, les coordonn\u00e9es des utilisateurs sont uniquement utilis\u00e9es pour r\u00e9pondre aux demandes qu\u2019ils formulent par mail. Elles ne sont, ni ne seront transmises, lou\u00e9es, \u00e9chang\u00e9es, mise \u00e0 disposition ou vendues \u00e0 des tiers.<\/p>\n<p>&nbsp;<\/p>\n<p class=\"p5\">Derni\u00e8re r\u00e9vision : 12\/04\/2021<\/p>\t\t\t\t\t\t\t\t<\/div>\n\t\t\t\t<\/div>\n\t\t\t\t\t<\/div>\n\t\t<\/div>\n\t\t\t\t\t<\/div>\n\t\t<\/section>\n\t\t\t\t<section class=\"elementor-section elementor-top-section elementor-element elementor-element-19e19d3 elementor-section-full_width elementor-section-height-default elementor-section-height-default parallax_section_no qode_elementor_container_no qode-content-aligment-left\" data-id=\"19e19d3\" data-element_type=\"section\" data-e-type=\"section\">\n\t\t\t\t\t\t<div class=\"elementor-container elementor-column-gap-default\">\n\t\t\t\t\t<div class=\"elementor-column elementor-col-100 elementor-top-column elementor-element elementor-element-91e44b8\" data-id=\"91e44b8\" data-element_type=\"column\" data-e-type=\"column\">\n\t\t\t<div class=\"elementor-widget-wrap elementor-element-populated\">\n\t\t\t\t\t\t<div class=\"elementor-element elementor-element-f6704cf elementor-widget elementor-widget-spacer\" data-id=\"f6704cf\" data-element_type=\"widget\" data-e-type=\"widget\" data-widget_type=\"spacer.default\">\n\t\t\t\t<div class=\"elementor-widget-container\">\n\t\t\t\t\t\t\t<div class=\"elementor-spacer\">\n\t\t\t<div class=\"elementor-spacer-inner\"><\/div>\n\t\t<\/div>\n\t\t\t\t\t\t<\/div>\n\t\t\t\t<\/div>\n\t\t\t\t\t<\/div>\n\t\t<\/div>\n\t\t\t\t\t<\/div>\n\t\t<\/section>\n\t\t\t\t<\/div>\n\t\t","protected":false},"excerpt":{"rendered":"<p>Privacy Policy Le nom de domaine du site Web est uniquement\u00a0: https:\/\/n2b-consulting.com. L&rsquo;adresse du site est identique, soit : https:\/\/n2b-consulting.com. Elle n\u2019est reli\u00e9e \u00e0 aucun autre nom de domaine ou adresse. L\u2019adresse \u00e9lectronique de contact sera seulement la suivante\u00a0: info@n2b-consulting.com. &nbsp; Donn\u00e9es personnelles collect\u00e9es et&#8230;<\/p>\n","protected":false},"author":1,"featured_media":0,"parent":0,"menu_order":0,"comment_status":"closed","ping_status":"closed","template":"elementor_header_footer","meta":{"footnotes":""},"class_list":["post-3133","page","type-page","status-publish","hentry"],"yoast_head":"<!-- This site is optimized with the Yoast SEO plugin v27.5 - https:\/\/yoast.com\/product\/yoast-seo-wordpress\/ -->\n<title>Politique de confidentialit\u00e9 - n2b=consulting - Luxury Leather Goods and Accessories Consulting<\/title>\n<meta name=\"robots\" content=\"index, follow, max-snippet:-1, max-image-preview:large, max-video-preview:-1\" \/>\n<link rel=\"canonical\" href=\"https:\/\/n2b-consulting.com\/fr\/politique-de-confidentialite\" \/>\n<meta property=\"og:locale\" content=\"fr_FR\" \/>\n<meta property=\"og:type\" content=\"article\" \/>\n<meta property=\"og:title\" content=\"Politique de confidentialit\u00e9 - n2b=consulting - Luxury Leather Goods and Accessories Consulting\" \/>\n<meta property=\"og:description\" content=\"Privacy Policy Le nom de domaine du site Web est uniquement\u00a0: https:\/\/n2b-consulting.com. L&rsquo;adresse du site est identique, soit : https:\/\/n2b-consulting.com. Elle n\u2019est reli\u00e9e \u00e0 aucun autre nom de domaine ou adresse. L\u2019adresse \u00e9lectronique de contact sera seulement la suivante\u00a0: info@n2b-consulting.com. &nbsp; Donn\u00e9es personnelles collect\u00e9es et...\" \/>\n<meta property=\"og:url\" content=\"https:\/\/n2b-consulting.com\/fr\/politique-de-confidentialite\" \/>\n<meta property=\"og:site_name\" content=\"n2b=consulting - Luxury Leather Goods and Accessories Consulting\" \/>\n<meta property=\"article:modified_time\" content=\"2021-04-26T16:45:03+00:00\" \/>\n<meta name=\"twitter:card\" content=\"summary_large_image\" \/>\n<meta name=\"twitter:label1\" content=\"Dur\u00e9e de lecture estim\u00e9e\" \/>\n\t<meta name=\"twitter:data1\" content=\"4 minutes\" \/>\n<script type=\"application\/ld+json\" class=\"yoast-schema-graph\">{\"@context\":\"https:\\\/\\\/schema.org\",\"@graph\":[{\"@type\":\"WebPage\",\"@id\":\"https:\\\/\\\/n2b-consulting.com\\\/fr\\\/politique-de-confidentialite\",\"url\":\"https:\\\/\\\/n2b-consulting.com\\\/fr\\\/politique-de-confidentialite\",\"name\":\"Politique de confidentialit\u00e9 - n2b=consulting - Luxury Leather Goods and Accessories Consulting\",\"isPartOf\":{\"@id\":\"https:\\\/\\\/n2b-consulting.com\\\/fr#website\"},\"datePublished\":\"2020-07-21T10:16:35+00:00\",\"dateModified\":\"2021-04-26T16:45:03+00:00\",\"breadcrumb\":{\"@id\":\"https:\\\/\\\/n2b-consulting.com\\\/fr\\\/politique-de-confidentialite#breadcrumb\"},\"inLanguage\":\"fr-FR\",\"potentialAction\":[{\"@type\":\"ReadAction\",\"target\":[\"https:\\\/\\\/n2b-consulting.com\\\/fr\\\/politique-de-confidentialite\"]}]},{\"@type\":\"BreadcrumbList\",\"@id\":\"https:\\\/\\\/n2b-consulting.com\\\/fr\\\/politique-de-confidentialite#breadcrumb\",\"itemListElement\":[{\"@type\":\"ListItem\",\"position\":1,\"name\":\"Home\",\"item\":\"https:\\\/\\\/n2b-consulting.com\\\/fr\"},{\"@type\":\"ListItem\",\"position\":2,\"name\":\"Politique de confidentialit\u00e9\"}]},{\"@type\":\"WebSite\",\"@id\":\"https:\\\/\\\/n2b-consulting.com\\\/fr#website\",\"url\":\"https:\\\/\\\/n2b-consulting.com\\\/fr\",\"name\":\"n2b=consulting - Luxury Leather Goods and Accessories Consulting\",\"description\":\"Luxury Leather Goods and Accessories Consulting\",\"publisher\":{\"@id\":\"https:\\\/\\\/n2b-consulting.com\\\/fr#organization\"},\"potentialAction\":[{\"@type\":\"SearchAction\",\"target\":{\"@type\":\"EntryPoint\",\"urlTemplate\":\"https:\\\/\\\/n2b-consulting.com\\\/fr?s={search_term_string}\"},\"query-input\":{\"@type\":\"PropertyValueSpecification\",\"valueRequired\":true,\"valueName\":\"search_term_string\"}}],\"inLanguage\":\"fr-FR\"},{\"@type\":\"Organization\",\"@id\":\"https:\\\/\\\/n2b-consulting.com\\\/fr#organization\",\"name\":\"n2b consulting\",\"url\":\"https:\\\/\\\/n2b-consulting.com\\\/fr\",\"logo\":{\"@type\":\"ImageObject\",\"inLanguage\":\"fr-FR\",\"@id\":\"https:\\\/\\\/n2b-consulting.com\\\/fr#\\\/schema\\\/logo\\\/image\\\/\",\"url\":\"https:\\\/\\\/n2b-consulting.com\\\/wp-content\\\/uploads\\\/2021\\\/04\\\/N2b-consulting_com_logo.jpg\",\"contentUrl\":\"https:\\\/\\\/n2b-consulting.com\\\/wp-content\\\/uploads\\\/2021\\\/04\\\/N2b-consulting_com_logo.jpg\",\"width\":487,\"height\":435,\"caption\":\"n2b consulting\"},\"image\":{\"@id\":\"https:\\\/\\\/n2b-consulting.com\\\/fr#\\\/schema\\\/logo\\\/image\\\/\"}}]}<\/script>\n<!-- \/ Yoast SEO plugin. -->","yoast_head_json":{"title":"Politique de confidentialit\u00e9 - n2b=consulting - Luxury Leather Goods and Accessories Consulting","robots":{"index":"index","follow":"follow","max-snippet":"max-snippet:-1","max-image-preview":"max-image-preview:large","max-video-preview":"max-video-preview:-1"},"canonical":"https:\/\/n2b-consulting.com\/fr\/politique-de-confidentialite","og_locale":"fr_FR","og_type":"article","og_title":"Politique de confidentialit\u00e9 - n2b=consulting - Luxury Leather Goods and Accessories Consulting","og_description":"Privacy Policy Le nom de domaine du site Web est uniquement\u00a0: https:\/\/n2b-consulting.com. L&rsquo;adresse du site est identique, soit : https:\/\/n2b-consulting.com. Elle n\u2019est reli\u00e9e \u00e0 aucun autre nom de domaine ou adresse. L\u2019adresse \u00e9lectronique de contact sera seulement la suivante\u00a0: info@n2b-consulting.com. &nbsp; Donn\u00e9es personnelles collect\u00e9es et...","og_url":"https:\/\/n2b-consulting.com\/fr\/politique-de-confidentialite","og_site_name":"n2b=consulting - Luxury Leather Goods and Accessories Consulting","article_modified_time":"2021-04-26T16:45:03+00:00","twitter_card":"summary_large_image","twitter_misc":{"Dur\u00e9e de lecture estim\u00e9e":"4 minutes"},"schema":{"@context":"https:\/\/schema.org","@graph":[{"@type":"WebPage","@id":"https:\/\/n2b-consulting.com\/fr\/politique-de-confidentialite","url":"https:\/\/n2b-consulting.com\/fr\/politique-de-confidentialite","name":"Politique de confidentialit\u00e9 - n2b=consulting - Luxury Leather Goods and Accessories Consulting","isPartOf":{"@id":"https:\/\/n2b-consulting.com\/fr#website"},"datePublished":"2020-07-21T10:16:35+00:00","dateModified":"2021-04-26T16:45:03+00:00","breadcrumb":{"@id":"https:\/\/n2b-consulting.com\/fr\/politique-de-confidentialite#breadcrumb"},"inLanguage":"fr-FR","potentialAction":[{"@type":"ReadAction","target":["https:\/\/n2b-consulting.com\/fr\/politique-de-confidentialite"]}]},{"@type":"BreadcrumbList","@id":"https:\/\/n2b-consulting.com\/fr\/politique-de-confidentialite#breadcrumb","itemListElement":[{"@type":"ListItem","position":1,"name":"Home","item":"https:\/\/n2b-consulting.com\/fr"},{"@type":"ListItem","position":2,"name":"Politique de confidentialit\u00e9"}]},{"@type":"WebSite","@id":"https:\/\/n2b-consulting.com\/fr#website","url":"https:\/\/n2b-consulting.com\/fr","name":"n2b=consulting - Luxury Leather Goods and Accessories Consulting","description":"Luxury Leather Goods and Accessories Consulting","publisher":{"@id":"https:\/\/n2b-consulting.com\/fr#organization"},"potentialAction":[{"@type":"SearchAction","target":{"@type":"EntryPoint","urlTemplate":"https:\/\/n2b-consulting.com\/fr?s={search_term_string}"},"query-input":{"@type":"PropertyValueSpecification","valueRequired":true,"valueName":"search_term_string"}}],"inLanguage":"fr-FR"},{"@type":"Organization","@id":"https:\/\/n2b-consulting.com\/fr#organization","name":"n2b consulting","url":"https:\/\/n2b-consulting.com\/fr","logo":{"@type":"ImageObject","inLanguage":"fr-FR","@id":"https:\/\/n2b-consulting.com\/fr#\/schema\/logo\/image\/","url":"https:\/\/n2b-consulting.com\/wp-content\/uploads\/2021\/04\/N2b-consulting_com_logo.jpg","contentUrl":"https:\/\/n2b-consulting.com\/wp-content\/uploads\/2021\/04\/N2b-consulting_com_logo.jpg","width":487,"height":435,"caption":"n2b consulting"},"image":{"@id":"https:\/\/n2b-consulting.com\/fr#\/schema\/logo\/image\/"}}]}},"_links":{"self":[{"href":"https:\/\/n2b-consulting.com\/fr\/wp-json\/wp\/v2\/pages\/3133","targetHints":{"allow":["GET"]}}],"collection":[{"href":"https:\/\/n2b-consulting.com\/fr\/wp-json\/wp\/v2\/pages"}],"about":[{"href":"https:\/\/n2b-consulting.com\/fr\/wp-json\/wp\/v2\/types\/page"}],"author":[{"embeddable":true,"href":"https:\/\/n2b-consulting.com\/fr\/wp-json\/wp\/v2\/users\/1"}],"replies":[{"embeddable":true,"href":"https:\/\/n2b-consulting.com\/fr\/wp-json\/wp\/v2\/comments?post=3133"}],"version-history":[{"count":11,"href":"https:\/\/n2b-consulting.com\/fr\/wp-json\/wp\/v2\/pages\/3133\/revisions"}],"predecessor-version":[{"id":3224,"href":"https:\/\/n2b-consulting.com\/fr\/wp-json\/wp\/v2\/pages\/3133\/revisions\/3224"}],"wp:attachment":[{"href":"https:\/\/n2b-consulting.com\/fr\/wp-json\/wp\/v2\/media?parent=3133"}],"curies":[{"name":"wp","href":"https:\/\/api.w.org\/{rel}","templated":true}]}}